{"id":2,"date":"2026-05-06T16:19:17","date_gmt":"2026-05-06T16:19:17","guid":{"rendered":"https:\/\/uygur.org.tr\/en\/?page_id=2"},"modified":"2026-05-07T00:12:12","modified_gmt":"2026-05-06T21:12:12","slug":"misyonumuz","status":"publish","type":"page","link":"https:\/\/uygur.org.tr\/tr\/misyonumuz\/","title":{"rendered":"Misyonumuz"},"content":{"rendered":"\n<p><strong>K\u00f6klerimizi ve K\u00fclt\u00fcrel Kimli\u011fimizi Korumak<\/strong><br>Uygur K\u00fclt\u00fcr Vakf\u0131&#8217;n\u0131n temelinde, e\u015fsiz miras\u0131m\u0131z\u0131 korumaya ve zenginle\u015ftirerek gelecek ku\u015faklara aktarmaya y\u00f6nelik derin bir ba\u011fl\u0131l\u0131k yatmaktad\u0131r. K\u00fclt\u00fcrel, dilsel ve manevi k\u00f6klerine derinden ba\u011fl\u0131, bilin\u00e7li bireyler yeti\u015ftirmek i\u00e7in var\u0131z. Dilimizi, inanc\u0131m\u0131z\u0131 ve temel insani de\u011ferlerimizi koruyarak, kimli\u011fimizin sadece hayatta kalmas\u0131n\u0131 de\u011fil, ayn\u0131 zamanda aktif bir \u015fekilde geli\u015fmesini sa\u011fl\u0131yoruz. Zengin dil tarihimizden geleneksel sanatlar\u0131m\u0131za ve de\u011ferlerimize kadar k\u00fclt\u00fcrel miras\u0131m\u0131z\u0131, ge\u00e7mi\u015fin kal\u0131nt\u0131lar\u0131 olarak de\u011fil, beslenmesi gereken ya\u015fayan gelenekler olarak g\u00f6r\u00fcyoruz.<\/p>\n\n\n\n<p><strong>Gelecek Nesilleri G\u00fc\u00e7lendirmek<\/strong><br>Bir k\u00fclt\u00fcr, ancak gen\u00e7lerinin hayal g\u00fcc\u00fcn\u00fc yakalayabilirse ya\u015famaya devam eder. Bu nedenle, bu de\u011ferlerin zenginle\u015ftirilmesini ve aktar\u0131lmas\u0131n\u0131 ya\u015fayan bir gelenek haline getirmek temel misyonumuzdur. Zaman\u0131m\u0131z\u0131 ve \u00e7abam\u0131z\u0131 okul \u00f6ncesi y\u0131llardan itibaren \u00e7ocuklar\u0131m\u0131za ad\u0131yor, onlar\u0131n zengin k\u00fclt\u00fcrel ba\u011flam\u0131m\u0131zla tamamen i\u00e7 i\u00e7e ya\u015famalar\u0131na ve b\u00fcy\u00fcmelerine olanak tan\u0131yan ko\u015fullar yarat\u0131yoruz. \u0130yi planlanm\u0131\u015f bir e\u011fitim ortam\u0131, k\u00fclt\u00fcrel yank\u0131 uyand\u0131ran edebiyat ve toplum programlar\u0131 arac\u0131l\u0131\u011f\u0131yla, bu miras\u0131 ileriye ta\u015f\u0131rken kendi hedeflerine ula\u015fmalar\u0131 i\u00e7in onlara rehberlik ediyoruz. \u00c7ocuklar\u0131m\u0131z\u0131n kim olduklar\u0131na ve nereden geldiklerine dair sars\u0131lmaz bir anlay\u0131\u015fla donanm\u0131\u015f olarak, miraslar\u0131n\u0131 gururla ta\u015f\u0131yarak b\u00fcy\u00fcmelerini istiyoruz.<\/p>\n\n\n\n<p><strong>Ba\u011f\u0131ms\u0131z ve Bilimsel D\u00fc\u015f\u00fcnceyi Te\u015fvik Etmek<\/strong><br>K\u00f6klerimiz gelene\u011fe derinden ba\u011fl\u0131 olsa da g\u00f6zlerimiz s\u0131k\u0131 s\u0131k\u0131ya gelece\u011fe odaklanm\u0131\u015ft\u0131r. D\u00fc\u015f\u00fcnce, vicdan ve bilgelik a\u00e7\u0131s\u0131ndan son derece ba\u011f\u0131ms\u0131z bireyleri topluma kazand\u0131rmaya \u00e7al\u0131\u015f\u0131yoruz. Merak, ara\u015ft\u0131rma ve giri\u015fimci bir ruhla y\u00f6nlendirilen bilimsel bir zihniyeti aktif olarak te\u015fvik ediyoruz. Atalar\u0131m\u0131z\u0131n bilgeli\u011fini modern analitik d\u00fc\u015f\u00fcnceyle birle\u015ftirerek, h\u0131zla de\u011fi\u015fen k\u00fcresel ortamda yollar\u0131n\u0131 bulmalar\u0131 ve ba\u015far\u0131l\u0131 olmalar\u0131 i\u00e7in toplumumuzu g\u00fc\u00e7lendiriyoruz.<\/p>\n\n\n\n<p><strong>Adalet, \u0130nsanl\u0131k ve Aidiyet Duygusunu Geli\u015ftirmek<\/strong><br>Nihayetinde, d\u00fcnya vatanda\u015flar\u0131 yeti\u015ftiriyoruz. Vatanlar\u0131na ve milletlerine duyduklar\u0131 derin sevginin yan\u0131 s\u0131ra t\u00fcm insanl\u0131\u011fa kar\u015f\u0131 derin ve birle\u015ftirici bir sayg\u0131 ta\u015f\u0131yan bireyler yeti\u015ftirmeyi ama\u00e7l\u0131yoruz. Adalet duygusu g\u00fc\u00e7l\u00fc bir \u015fekilde geli\u015fmi\u015f bir nesle; do\u011fru olan\u0131 savunan, topluluklar\u0131na anlaml\u0131 katk\u0131larda bulunan ve k\u00fclt\u00fcr\u00fcm\u00fcz\u00fcn s\u00f6nmeyen \u0131\u015f\u0131\u011f\u0131n\u0131 d\u00fcr\u00fcstl\u00fck ve zarafetle ileriye ta\u015f\u0131yacak insanlara rehberlik etmeye kendimizi adad\u0131k.<\/p>\n","protected":false},"excerpt":{"rendered":"<p>K\u00f6klerimizi ve K\u00fclt\u00fcrel Kimli\u011fimizi KorumakUygur K\u00fclt\u00fcr Vakf\u0131&#8217;n\u0131n temelinde, e\u015fsiz miras\u0131m\u0131z\u0131 korumaya ve zenginle\u015ftirerek gelecek ku\u015faklara&#8230;<\/p>\n","protected":false},"author":1,"featured_media":0,"parent":0,"menu_order":3,"comment_status":"closed","ping_status":"closed","template":"template-full-width-page.php","meta":{"footnotes":""},"class_list":["post-2","page","type-page","status-publish","hentry"],"_links":{"self":[{"href":"https:\/\/uygur.org.tr\/tr\/wp-json\/wp\/v2\/pages\/2","targetHints":{"allow":["GET"]}}],"collection":[{"href":"https:\/\/uygur.org.tr\/tr\/wp-json\/wp\/v2\/pages"}],"about":[{"href":"https:\/\/uygur.org.tr\/tr\/wp-json\/wp\/v2\/types\/page"}],"author":[{"embeddable":true,"href":"https:\/\/uygur.org.tr\/tr\/wp-json\/wp\/v2\/users\/1"}],"replies":[{"embeddable":true,"href":"https:\/\/uygur.org.tr\/tr\/wp-json\/wp\/v2\/comments?post=2"}],"version-history":[{"count":6,"href":"https:\/\/uygur.org.tr\/tr\/wp-json\/wp\/v2\/pages\/2\/revisions"}],"predecessor-version":[{"id":76,"href":"https:\/\/uygur.org.tr\/tr\/wp-json\/wp\/v2\/pages\/2\/revisions\/76"}],"wp:attachment":[{"href":"https:\/\/uygur.org.tr\/tr\/wp-json\/wp\/v2\/media?parent=2"}],"curies":[{"name":"wp","href":"https:\/\/api.w.org\/{rel}","templated":true}]}}