{"id":43,"date":"2026-05-06T19:30:42","date_gmt":"2026-05-06T19:30:42","guid":{"rendered":"https:\/\/uygur.org.tr\/en\/?page_id=43"},"modified":"2026-05-07T00:08:44","modified_gmt":"2026-05-06T21:08:44","slug":"hakkimizda","status":"publish","type":"page","link":"https:\/\/uygur.org.tr\/tr\/","title":{"rendered":"Hakk\u0131m\u0131zda"},"content":{"rendered":"\n<p><strong>Biz Kimiz<\/strong><br>Uygur K\u00fclt\u00fcr Vakf\u0131, Uygur halk\u0131n\u0131n zengin miras\u0131n\u0131 korumak, zenginle\u015ftirmek ve aktarmak amac\u0131yla kurulmu\u015f, kendini bu amaca adam\u0131\u015f bir sivil toplum kurulu\u015fudur. E\u015fsiz dilimizin, sanat\u0131m\u0131z\u0131n ve geleneklerimizin canl\u0131 kalmas\u0131n\u0131 ve toplumumuz i\u00e7in eri\u015filebilir olmas\u0131n\u0131 sa\u011flayarak, atalar\u0131m\u0131zdan gelen k\u00f6klerimiz ile gelece\u011fimiz aras\u0131nda hayati bir k\u00f6pr\u00fc g\u00f6revi g\u00f6r\u00fcyoruz.<\/p>\n\n\n\n<p class=\"has-medium-font-size\"><strong>Ana Programlar\u0131m\u0131z ve Hizmetlerimiz<\/strong><br>K\u00fclt\u00fcrel miras\u0131m\u0131z\u0131 aktif olarak ya\u015fatmak i\u00e7in \u00e7abalar\u0131m\u0131z\u0131 birka\u00e7 temel giri\u015fime odakl\u0131yoruz:<\/p>\n\n\n\n<ul class=\"wp-block-list\">\n<li><strong>Hibrit E\u011fitim Ortamlar\u0131 ve K\u00fct\u00fcphaneler:<\/strong> K\u00fclt\u00fcrel ba\u011f\u0131n erken ya\u015flarda ba\u015flad\u0131\u011f\u0131na ve her yerde eri\u015filebilir olmas\u0131 gerekti\u011fine inan\u0131yoruz. \u00c7ocuklar\u0131n zengin bir Uygur k\u00fclt\u00fcrel ba\u011flam\u0131 i\u00e7inde b\u00fcy\u00fcyebilece\u011fi, \u00f6\u011frenebilece\u011fi ve bolca kitap okuyabilece\u011fi s\u00fcr\u00fckleyici e\u011fitim ortamlar\u0131 ve kapsaml\u0131 k\u00fct\u00fcphaneler (hem fiziksel mekanlarda hem de \u00e7evrimi\u00e7i olarak) tasarl\u0131yor ve destekliyoruz.<\/li>\n<\/ul>\n\n\n\n<ul class=\"wp-block-list\">\n<li><strong>Yay\u0131nc\u0131l\u0131k ve Edebiyat<\/strong>: Bir k\u00fclt\u00fcr, gen\u00e7leri okuduklar\u0131 hikayelerde kendilerini g\u00f6rebildiklerinde geli\u015fir. Hayat\u0131n her alan\u0131na hitap eden, en acil ve temel okuma materyallerinin yay\u0131nlanmas\u0131na \u00f6ncelik veriyoruz. Bu, temel de\u011ferlerimizi ilgi \u00e7ekici bir formatta aktarmak \u00fczere tasarlanm\u0131\u015f, geleneksel k\u0131yafetler i\u00e7indeki ba\u011f kurulabilir karakterlerin yer ald\u0131\u011f\u0131, k\u00fclt\u00fcrel yank\u0131 uyand\u0131ran \u00e7ocuk edebiyat\u0131 eserleri geli\u015ftirmeyi de i\u00e7ermektedir.<\/li>\n<\/ul>\n\n\n\n<ul class=\"wp-block-list\">\n<li><strong>Animasyon ve Dijital Medya:<\/strong> Modern gen\u00e7li\u011fin hayal g\u00fcc\u00fcn\u00fc yakalamak i\u00e7in g\u00f6rsel hikaye anlat\u0131m\u0131m\u0131z\u0131 \u00e7izgi film \u00fcretimini de kapsayacak \u015fekilde geni\u015fletiyoruz. Canl\u0131, masal tarz\u0131 maceralar\u0131 ve k\u00fclt\u00fcrel anlat\u0131lar\u0131 ekranlara ta\u015f\u0131yarak, miras\u0131m\u0131z\u0131n ya\u015fayan ve geli\u015fen bir gelenek olarak kalmas\u0131n\u0131 sa\u011fl\u0131yoruz.<\/li>\n<\/ul>\n\n\n\n<ul class=\"wp-block-list\">\n<li><strong>K\u00fclt\u00fcrel Ar\u015fivleme:<\/strong> Tarihi ve sanatsal kay\u0131tlar\u0131m\u0131z\u0131 korumaya derinden ba\u011fl\u0131y\u0131z. Uygur yazarlar, sanat\u00e7\u0131lar, \u015fark\u0131c\u0131lar ve m\u00fczisyenler taraf\u0131ndan \u00fcretilen bas\u0131l\u0131 materyalleri, ses kay\u0131tlar\u0131n\u0131, videolar\u0131 ve g\u00f6rsel sanatlar\u0131 aktif olarak ar\u015fivliyoruz; b\u00f6ylece bu bilgi zenginli\u011fi gelecek nesiller i\u00e7in kal\u0131c\u0131 olarak muhafaza ediliyor.<\/li>\n<\/ul>\n\n\n\n<p>Bu hedef odakl\u0131 e\u011fitim, ar\u015fiv ve multimedya hizmetleri arac\u0131l\u0131\u011f\u0131yla Uygur K\u00fclt\u00fcr Vakf\u0131, kendine g\u00fcvenen ve k\u00f6kleri sa\u011flam bir nesil in\u015fa etme yolunda aktif olarak \u00e7al\u0131\u015fmaktad\u0131r. Fiziksel k\u00fct\u00fcphanelerden animasyon medyas\u0131na kadar kapsaml\u0131 kaynaklar sunarak, gen\u00e7lerimizin modern d\u00fcnyada yollar\u0131n\u0131 bulurken miraslar\u0131n\u0131 sadece anlamakla kalmay\u0131p, ayn\u0131 zamanda onu gururla ta\u015f\u0131malar\u0131n\u0131 da sa\u011fl\u0131yoruz.<\/p>\n","protected":false},"excerpt":{"rendered":"<p>Biz KimizUygur K\u00fclt\u00fcr Vakf\u0131, Uygur halk\u0131n\u0131n zengin miras\u0131n\u0131 korumak, zenginle\u015ftirmek ve aktarmak amac\u0131yla kurulmu\u015f, kendini&#8230;<\/p>\n","protected":false},"author":1,"featured_media":0,"parent":0,"menu_order":2,"comment_status":"closed","ping_status":"closed","template":"","meta":{"footnotes":""},"class_list":["post-43","page","type-page","status-publish","hentry"],"_links":{"self":[{"href":"https:\/\/uygur.org.tr\/tr\/wp-json\/wp\/v2\/pages\/43","targetHints":{"allow":["GET"]}}],"collection":[{"href":"https:\/\/uygur.org.tr\/tr\/wp-json\/wp\/v2\/pages"}],"about":[{"href":"https:\/\/uygur.org.tr\/tr\/wp-json\/wp\/v2\/types\/page"}],"author":[{"embeddable":true,"href":"https:\/\/uygur.org.tr\/tr\/wp-json\/wp\/v2\/users\/1"}],"replies":[{"embeddable":true,"href":"https:\/\/uygur.org.tr\/tr\/wp-json\/wp\/v2\/comments?post=43"}],"version-history":[{"count":8,"href":"https:\/\/uygur.org.tr\/tr\/wp-json\/wp\/v2\/pages\/43\/revisions"}],"predecessor-version":[{"id":83,"href":"https:\/\/uygur.org.tr\/tr\/wp-json\/wp\/v2\/pages\/43\/revisions\/83"}],"wp:attachment":[{"href":"https:\/\/uygur.org.tr\/tr\/wp-json\/wp\/v2\/media?parent=43"}],"curies":[{"name":"wp","href":"https:\/\/api.w.org\/{rel}","templated":true}]}}