{"id":47,"date":"2026-05-06T19:40:05","date_gmt":"2026-05-06T19:40:05","guid":{"rendered":"https:\/\/uygur.org.tr\/en\/?page_id=47"},"modified":"2026-05-07T00:32:02","modified_gmt":"2026-05-06T21:32:02","slug":"iletisim","status":"publish","type":"page","link":"https:\/\/uygur.org.tr\/tr\/iletisim\/","title":{"rendered":"ileti\u015fim"},"content":{"rendered":"\n<p>UYGUR K\u00dcLT\u00dcR VAKFI<\/p>\n\n\n\n<p>E-mail: i n f o @ u y g u r . o r g . t r<\/p>\n\n\n\n<p>Address: Fevzi \u00c7akmak Mh. 1. \u00dcmit \u00c7ikmazi Sk. No: 9 \/ 6 K\u00fc\u00e7\u00fck\u00e7ekmece \/\u0130STANBUL &#8211; T\u00fcrkiye<\/p>\n\n\n\n<iframe src=\"https:\/\/www.google.com\/maps\/embed?pb=!1m18!1m12!1m3!1d3010.9637566047536!2d28.789689875858357!3d41.00416647135111!2m3!1f0!2f0!3f0!3m2!1i1024!2i768!4f13.1!3m3!1m2!1s0x14caa38b748d9db5%3A0xca710b52dd2398fb!2zRmV2emkgw4dha21haywgw5xtaXQgw4drIFNrIE5vOjkgRDo2LCAzNDI5NSBLw7zDp8O8a8OnZWttZWNlL8Swc3RhbmJ1bA!5e0!3m2!1sen!2str!4v1778096790825!5m2!1sen!2str\" width=\"1250\" height=\"450\" style=\"border:0;\" allowfullscreen=\"\" loading=\"lazy\" referrerpolicy=\"no-referrer-when-downgrade\"><\/iframe>\n\n\n\n<p>Posta Kodu: 34295<\/p>\n","protected":false},"excerpt":{"rendered":"<p>UYGUR K\u00dcLT\u00dcR VAKFI E-mail: i n f o @ u y g u r &#8230;.<\/p>\n","protected":false},"author":1,"featured_media":0,"parent":0,"menu_order":10,"comment_status":"closed","ping_status":"closed","template":"","meta":{"footnotes":""},"class_list":["post-47","page","type-page","status-publish","hentry"],"_links":{"self":[{"href":"https:\/\/uygur.org.tr\/tr\/wp-json\/wp\/v2\/pages\/47","targetHints":{"allow":["GET"]}}],"collection":[{"href":"https:\/\/uygur.org.tr\/tr\/wp-json\/wp\/v2\/pages"}],"about":[{"href":"https:\/\/uygur.org.tr\/tr\/wp-json\/wp\/v2\/types\/page"}],"author":[{"embeddable":true,"href":"https:\/\/uygur.org.tr\/tr\/wp-json\/wp\/v2\/users\/1"}],"replies":[{"embeddable":true,"href":"https:\/\/uygur.org.tr\/tr\/wp-json\/wp\/v2\/comments?post=47"}],"version-history":[{"count":12,"href":"https:\/\/uygur.org.tr\/tr\/wp-json\/wp\/v2\/pages\/47\/revisions"}],"predecessor-version":[{"id":82,"href":"https:\/\/uygur.org.tr\/tr\/wp-json\/wp\/v2\/pages\/47\/revisions\/82"}],"wp:attachment":[{"href":"https:\/\/uygur.org.tr\/tr\/wp-json\/wp\/v2\/media?parent=47"}],"curies":[{"name":"wp","href":"https:\/\/api.w.org\/{rel}","templated":true}]}}