{"id":65,"date":"2026-05-06T20:44:47","date_gmt":"2026-05-06T20:44:47","guid":{"rendered":"https:\/\/uygur.org.tr\/en\/?page_id=65"},"modified":"2026-05-07T00:20:51","modified_gmt":"2026-05-06T21:20:51","slug":"projelerimiz","status":"publish","type":"page","link":"https:\/\/uygur.org.tr\/tr\/projelerimiz\/","title":{"rendered":"Projelerimiz"},"content":{"rendered":"\n<p><strong>Erken \u00c7ocukluk Edebiyat\u0131 Giri\u015fimi (0-5 Ya\u015f)<\/strong><br>Deneyimli anaokulu \u00f6\u011fretmenleri, profesyonel e\u011fitimciler ve yazarlarla i\u015fbirli\u011fi i\u00e7inde, kapsaml\u0131 bir \u00e7ocuk kitaplar\u0131 serisi geli\u015ftiriyoruz. Bu hikayeler, k\u00fclt\u00fcr\u00fcm\u00fcz\u00fc zengin bir \u015fekilde yans\u0131t\u0131rken \u00e7ocuklar\u0131n g\u00fcnl\u00fck ya\u015famlar\u0131na ve zihinsel seviyelerine \u00f6zenle uyarlanmaktad\u0131r. Hikayeleri masal tarz\u0131 suluboya \u00e7izimlerle hayata ge\u00e7irerek ve ba\u011f kurulabilir karakterlere yer vererek, i\u00e7eri\u011fin erken ya\u015fta \u00f6\u011frenenler i\u00e7in son derece ilgi \u00e7ekici olmas\u0131n\u0131 sa\u011fl\u0131yoruz. Bu geni\u015f k\u00fct\u00fcphanenin ilk yar\u0131s\u0131n\u0131 bu y\u0131l\u0131n sonuna kadar tamamlamay\u0131 hedefliyoruz.<\/p>\n\n\n\n<p><strong>Uygur \u00c7ocuklar\u0131 \u0130\u00e7in K\u00fcresel Animasyon Serisi (0-5 Ya\u015f)<\/strong><br>K\u00fclt\u00fcrel yank\u0131 uyand\u0131ran medyan\u0131n diasporadaki ebeveynler i\u00e7in en acil ihtiya\u00e7lardan biri oldu\u011funun bilincinde olarak, 0-5 ya\u015f grubuna \u00f6zel y\u00fcksek kaliteli animasyon \u00e7izgi filmler \u00fcretiyoruz. D\u00fcnyan\u0131n d\u00f6rt bir yan\u0131ndaki her Uygur \u00e7ocu\u011funun kendi miras\u0131na eri\u015febilmesini sa\u011flamak amac\u0131yla, bu animasyonlar tamamen \u00fccretsiz olarak internet \u00fczerinden yay\u0131nlanacak ve da\u011f\u0131t\u0131lacakt\u0131r. Bu animasyon serisinin ilk b\u00f6l\u00fcm\u00fc sekiz ay i\u00e7inde yay\u0131nda olacak.<\/p>\n\n\n\n<p><strong>Vak\u0131f Merkezi ve K\u00fclt\u00fcr Merkezi<\/strong><br>Toplulu\u011fumuzu fiziksel bir mekanda bir araya getirmek i\u00e7in \u015fu anda vakfa \u00f6zel bir genel merkez in\u015fa ediyoruz. Bu bina; modern s\u0131n\u0131flar\u0131, geni\u015f fiziksel k\u00fct\u00fcphaneleri, \u00e7e\u015fitli k\u00fclt\u00fcrel etkinlikler i\u00e7in b\u00fcy\u00fck bir toplanma salonu ve geleneksel m\u00fczik aletleri i\u00e7in \u00f6zel pratik odalar\u0131 ile canl\u0131 bir k\u00fclt\u00fcrel merkez olarak hizmet verecektir. \u0130n\u015faat\u0131 tamamlamay\u0131 ve bu y\u0131l\u0131n sonuna kadar kap\u0131lar\u0131m\u0131z\u0131 a\u00e7may\u0131 planl\u0131yoruz.<\/p>\n\n\n\n<p><strong>Dijital Ekosistem ve Mobil Uygulamalar<\/strong><br>Edebiyat ve animasyon i\u00e7eriklerimizi modern ailelere kesintisiz bir \u015fekilde ula\u015ft\u0131rmak i\u00e7in \u00f6zel bir dijital altyap\u0131 geli\u015ftiriyoruz. Bu, dijital kitaplar\u0131m\u0131z\u0131 ve videolar\u0131m\u0131z\u0131 bar\u0131nd\u0131rmak \u00fczere \u00f6zel olarak tasarlanm\u0131\u015f sa\u011flam bir web sitesini ve \u00f6zel mobil uygulamalar\u0131 i\u00e7ermektedir. Bu platformlar medya \u00fcretimimizle e\u015f zamanl\u0131 olarak in\u015fa edilmektedir ve kitaplar\u0131m\u0131z ile \u00e7izgi filmlerimiz yay\u0131nland\u0131\u011f\u0131 an kullan\u0131ma sunulmaya tamamen haz\u0131r olacakt\u0131r.<\/p>\n","protected":false},"excerpt":{"rendered":"<p>Erken \u00c7ocukluk Edebiyat\u0131 Giri\u015fimi (0-5 Ya\u015f)Deneyimli anaokulu \u00f6\u011fretmenleri, profesyonel e\u011fitimciler ve yazarlarla i\u015fbirli\u011fi i\u00e7inde, kapsaml\u0131&#8230;<\/p>\n","protected":false},"author":1,"featured_media":0,"parent":0,"menu_order":4,"comment_status":"closed","ping_status":"closed","template":"","meta":{"footnotes":""},"class_list":["post-65","page","type-page","status-publish","hentry"],"_links":{"self":[{"href":"https:\/\/uygur.org.tr\/tr\/wp-json\/wp\/v2\/pages\/65","targetHints":{"allow":["GET"]}}],"collection":[{"href":"https:\/\/uygur.org.tr\/tr\/wp-json\/wp\/v2\/pages"}],"about":[{"href":"https:\/\/uygur.org.tr\/tr\/wp-json\/wp\/v2\/types\/page"}],"author":[{"embeddable":true,"href":"https:\/\/uygur.org.tr\/tr\/wp-json\/wp\/v2\/users\/1"}],"replies":[{"embeddable":true,"href":"https:\/\/uygur.org.tr\/tr\/wp-json\/wp\/v2\/comments?post=65"}],"version-history":[{"count":5,"href":"https:\/\/uygur.org.tr\/tr\/wp-json\/wp\/v2\/pages\/65\/revisions"}],"predecessor-version":[{"id":78,"href":"https:\/\/uygur.org.tr\/tr\/wp-json\/wp\/v2\/pages\/65\/revisions\/78"}],"wp:attachment":[{"href":"https:\/\/uygur.org.tr\/tr\/wp-json\/wp\/v2\/media?parent=65"}],"curies":[{"name":"wp","href":"https:\/\/api.w.org\/{rel}","templated":true}]}}